{"id":401,"date":"2026-02-26T16:16:27","date_gmt":"2026-02-26T16:16:27","guid":{"rendered":"https:\/\/3pagro.od365.shop\/?page_id=401"},"modified":"2026-02-26T20:01:27","modified_gmt":"2026-02-26T20:01:27","slug":"sobre","status":"publish","type":"page","link":"https:\/\/3pagro.od365.shop\/pt\/sobre\/","title":{"rendered":"Sobre"},"content":{"rendered":"<div data-elementor-type=\"wp-page\" data-elementor-id=\"401\" class=\"elementor elementor-401\" data-elementor-post-type=\"page\">\n\t\t\t\t\t\t<section class=\"elementor-section elementor-top-section elementor-element elementor-element-40f668b2 elementor-section-content-middle elementor-reverse-tablet elementor-reverse-mobile elementor-section-boxed elementor-section-height-default elementor-section-height-default\" data-id=\"40f668b2\" data-element_type=\"section\" data-e-type=\"section\" data-settings=\"{&quot;background_background&quot;:&quot;classic&quot;}\">\n\t\t\t\t\t\t\t<div class=\"elementor-background-overlay\"><\/div>\n\t\t\t\t\t\t\t<div class=\"elementor-container elementor-column-gap-default\">\n\t\t\t\t\t<div class=\"elementor-column elementor-col-50 elementor-top-column elementor-element elementor-element-3c7ae06e\" data-id=\"3c7ae06e\" data-element_type=\"column\" data-e-type=\"column\">\n\t\t\t<div class=\"elementor-widget-wrap elementor-element-populated\">\n\t\t\t\t\t\t<div class=\"elementor-element elementor-element-488692ee elementor-invisible elementor-widget elementor-widget-image\" data-id=\"488692ee\" data-element_type=\"widget\" data-e-type=\"widget\" data-settings=\"{&quot;_animation&quot;:&quot;bounceInUp&quot;}\" data-widget_type=\"image.default\">\n\t\t\t\t\t\t\t\t\t\t\t\t\t\t\t<img fetchpriority=\"high\" decoding=\"async\" width=\"1024\" height=\"1536\" src=\"https:\/\/3pagro.od365.shop\/wp-content\/uploads\/2026\/02\/yaq1A-1772123569308.jpeg\" class=\"attachment-full size-full wp-image-411\" alt=\"\" srcset=\"https:\/\/3pagro.od365.shop\/wp-content\/uploads\/2026\/02\/yaq1A-1772123569308.jpeg 1024w, https:\/\/3pagro.od365.shop\/wp-content\/uploads\/2026\/02\/yaq1A-1772123569308-500x750.jpeg 500w, https:\/\/3pagro.od365.shop\/wp-content\/uploads\/2026\/02\/yaq1A-1772123569308-64x96.jpeg 64w, https:\/\/3pagro.od365.shop\/wp-content\/uploads\/2026\/02\/yaq1A-1772123569308-200x300.jpeg 200w, https:\/\/3pagro.od365.shop\/wp-content\/uploads\/2026\/02\/yaq1A-1772123569308-683x1024.jpeg 683w, https:\/\/3pagro.od365.shop\/wp-content\/uploads\/2026\/02\/yaq1A-1772123569308-768x1152.jpeg 768w, https:\/\/3pagro.od365.shop\/wp-content\/uploads\/2026\/02\/yaq1A-1772123569308-8x12.jpeg 8w\" sizes=\"(max-width: 1024px) 100vw, 1024px\" \/>\t\t\t\t\t\t\t\t\t\t\t\t\t\t\t<\/div>\n\t\t\t\t\t<\/div>\n\t\t<\/div>\n\t\t\t\t<div class=\"elementor-column elementor-col-50 elementor-top-column elementor-element elementor-element-4e293a00 elementor-invisible\" data-id=\"4e293a00\" data-element_type=\"column\" data-e-type=\"column\" data-settings=\"{&quot;background_background&quot;:&quot;classic&quot;,&quot;animation&quot;:&quot;fadeInRight&quot;}\">\n\t\t\t<div class=\"elementor-widget-wrap elementor-element-populated\">\n\t\t\t\t\t\t<div class=\"elementor-element elementor-element-531f14bb elementor-widget elementor-widget-heading\" data-id=\"531f14bb\" data-element_type=\"widget\" data-e-type=\"widget\" data-widget_type=\"heading.default\">\n\t\t\t\t\t<h6 class=\"elementor-heading-title elementor-size-default\">3P Agro<\/h6>\t\t\t\t<\/div>\n\t\t\t\t<div class=\"elementor-element elementor-element-4726d282 elementor-widget elementor-widget-heading\" data-id=\"4726d282\" data-element_type=\"widget\" data-e-type=\"widget\" data-widget_type=\"heading.default\">\n\t\t\t\t\t<h2 class=\"elementor-heading-title elementor-size-default\">Quem Somos<\/h2>\t\t\t\t<\/div>\n\t\t\t\t<div class=\"elementor-element elementor-element-6b6de7e2 elementor-widget elementor-widget-text-editor\" data-id=\"6b6de7e2\" data-element_type=\"widget\" data-e-type=\"widget\" data-widget_type=\"text-editor.default\">\n\t\t\t\t\t\t\t\t\t<p>A 3P Agro \u00e9 uma empresa brasileira de solu\u00e7\u00f5es agr\u00edcolas que atua no desenvolvimento, posicionamento e distribui\u00e7\u00e3o de tecnologias voltadas para aumento de efici\u00eancia, produtividade e compatibilidade operacional no campo, em solu\u00e7\u00f5es de adjuvantes funcionais.<\/p>\t\t\t\t\t\t\t\t<\/div>\n\t\t\t\t<div class=\"elementor-element elementor-element-14fda1e7 elementor-view-stacked elementor-position-inline-start elementor-mobile-position-inline-start elementor-shape-circle elementor-widget elementor-widget-icon-box\" data-id=\"14fda1e7\" data-element_type=\"widget\" data-e-type=\"widget\" data-widget_type=\"icon-box.default\">\n\t\t\t\t\t\t\t<div class=\"elementor-icon-box-wrapper\">\n\n\t\t\t\t\t\t<div class=\"elementor-icon-box-icon\">\n\t\t\t\t<span  class=\"elementor-icon\">\n\t\t\t\t<i aria-hidden=\"true\" class=\"icon icon-Leaf\"><\/i>\t\t\t\t<\/span>\n\t\t\t<\/div>\n\t\t\t\n\t\t\t\t\t\t<div class=\"elementor-icon-box-content\">\n\n\t\t\t\t\t\t\t\t\t<div class=\"elementor-icon-box-title\">\n\t\t\t\t\t\t<span  >\n\t\t\t\t\t\t\tAlta Compatibilidade\t\t\t\t\t\t<\/span>\n\t\t\t\t\t<\/div>\n\t\t\t\t\n\t\t\t\t\n\t\t\t<\/div>\n\t\t\t\n\t\t<\/div>\n\t\t\t\t\t\t<\/div>\n\t\t\t\t<div class=\"elementor-element elementor-element-268ee813 elementor-view-stacked elementor-position-inline-start elementor-mobile-position-inline-start elementor-shape-circle elementor-widget elementor-widget-icon-box\" data-id=\"268ee813\" data-element_type=\"widget\" data-e-type=\"widget\" data-widget_type=\"icon-box.default\">\n\t\t\t\t\t\t\t<div class=\"elementor-icon-box-wrapper\">\n\n\t\t\t\t\t\t<div class=\"elementor-icon-box-icon\">\n\t\t\t\t<span  class=\"elementor-icon\">\n\t\t\t\t<i aria-hidden=\"true\" class=\"icon icon-leaf\"><\/i>\t\t\t\t<\/span>\n\t\t\t<\/div>\n\t\t\t\n\t\t\t\t\t\t<div class=\"elementor-icon-box-content\">\n\n\t\t\t\t\t\t\t\t\t<div class=\"elementor-icon-box-title\">\n\t\t\t\t\t\t<span  >\n\t\t\t\t\t\t\tMais Cobertura<br>Menos Perdas\t\t\t\t\t\t<\/span>\n\t\t\t\t\t<\/div>\n\t\t\t\t\n\t\t\t\t\n\t\t\t<\/div>\n\t\t\t\n\t\t<\/div>\n\t\t\t\t\t\t<\/div>\n\t\t\t\t<div class=\"elementor-element elementor-element-273ba6b0 elementor-view-stacked elementor-position-inline-start elementor-mobile-position-inline-start elementor-shape-circle elementor-widget elementor-widget-icon-box\" data-id=\"273ba6b0\" data-element_type=\"widget\" data-e-type=\"widget\" data-widget_type=\"icon-box.default\">\n\t\t\t\t\t\t\t<div class=\"elementor-icon-box-wrapper\">\n\n\t\t\t\t\t\t<div class=\"elementor-icon-box-icon\">\n\t\t\t\t<span  class=\"elementor-icon\">\n\t\t\t\t<i aria-hidden=\"true\" class=\"lnr lnr-book\"><\/i>\t\t\t\t<\/span>\n\t\t\t<\/div>\n\t\t\t\n\t\t\t\t\t\t<div class=\"elementor-icon-box-content\">\n\n\t\t\t\t\t\t\t\t\t<div class=\"elementor-icon-box-title\">\n\t\t\t\t\t\t<span  >\n\t\t\t\t\t\t\tPrecis\u00e3o e Efici\u00eancia Operacional\t\t\t\t\t\t<\/span>\n\t\t\t\t\t<\/div>\n\t\t\t\t\n\t\t\t\t\n\t\t\t<\/div>\n\t\t\t\n\t\t<\/div>\n\t\t\t\t\t\t<\/div>\n\t\t\t\t\t<\/div>\n\t\t<\/div>\n\t\t\t\t\t<\/div>\n\t\t<\/section>\n\t\t\t\t<section class=\"elementor-section elementor-top-section elementor-element elementor-element-54f3aaea elementor-section-boxed elementor-section-height-default elementor-section-height-default\" data-id=\"54f3aaea\" data-element_type=\"section\" data-e-type=\"section\">\n\t\t\t\t\t\t<div class=\"elementor-container elementor-column-gap-default\">\n\t\t\t\t\t<div class=\"elementor-column elementor-col-100 elementor-top-column elementor-element elementor-element-6940635c\" data-id=\"6940635c\" data-element_type=\"column\" data-e-type=\"column\">\n\t\t\t<div class=\"elementor-widget-wrap elementor-element-populated\">\n\t\t\t\t\t\t<section class=\"elementor-section elementor-inner-section elementor-element elementor-element-6bb29105 elementor-section-content-middle elementor-section-boxed elementor-section-height-default elementor-section-height-default\" data-id=\"6bb29105\" data-element_type=\"section\" data-e-type=\"section\" data-settings=\"{&quot;background_background&quot;:&quot;classic&quot;}\">\n\t\t\t\t\t\t<div class=\"elementor-container elementor-column-gap-default\">\n\t\t\t\t\t<div class=\"elementor-column elementor-col-50 elementor-inner-column elementor-element elementor-element-8cd3e24 elementor-invisible\" data-id=\"8cd3e24\" data-element_type=\"column\" data-e-type=\"column\" data-settings=\"{&quot;animation&quot;:&quot;fadeInLeft&quot;}\">\n\t\t\t<div class=\"elementor-widget-wrap elementor-element-populated\">\n\t\t\t\t\t\t<div class=\"elementor-element elementor-element-3e33ab69 elementor-widget elementor-widget-heading\" data-id=\"3e33ab69\" data-element_type=\"widget\" data-e-type=\"widget\" data-widget_type=\"heading.default\">\n\t\t\t\t\t<h2 class=\"elementor-heading-title elementor-size-default\">3P Agro<\/h2>\t\t\t\t<\/div>\n\t\t\t\t<div class=\"elementor-element elementor-element-534214af elementor-widget elementor-widget-heading\" data-id=\"534214af\" data-element_type=\"widget\" data-e-type=\"widget\" data-widget_type=\"heading.default\">\n\t\t\t\t\t<div class=\"elementor-heading-title elementor-size-default\">Solu\u00e7\u00f5es agr\u00edcolas inteligentes para um agro mais eficiente.\n<\/div>\t\t\t\t<\/div>\n\t\t\t\t<div class=\"elementor-element elementor-element-37e99e10 elementor-align-center elementor-widget elementor-widget-button\" data-id=\"37e99e10\" data-element_type=\"widget\" data-e-type=\"widget\" data-widget_type=\"button.default\">\n\t\t\t\t\t\t\t\t\t\t<a class=\"elementor-button elementor-button-link elementor-size-md\" href=\"#\">\n\t\t\t\t\t\t<span class=\"elementor-button-content-wrapper\">\n\t\t\t\t\t\t\t\t\t<span class=\"elementor-button-text\">Discover more<\/span>\n\t\t\t\t\t<\/span>\n\t\t\t\t\t<\/a>\n\t\t\t\t\t\t\t\t<\/div>\n\t\t\t\t\t<\/div>\n\t\t<\/div>\n\t\t\t\t<div class=\"elementor-column elementor-col-50 elementor-inner-column elementor-element elementor-element-3c3c1b8b elementor-invisible\" data-id=\"3c3c1b8b\" data-element_type=\"column\" data-e-type=\"column\" data-settings=\"{&quot;animation&quot;:&quot;fadeInUp&quot;}\">\n\t\t\t<div class=\"elementor-widget-wrap elementor-element-populated\">\n\t\t\t\t\t\t<div class=\"elementor-element elementor-element-7baa864d elementor-widget elementor-widget-image\" data-id=\"7baa864d\" data-element_type=\"widget\" data-e-type=\"widget\" data-widget_type=\"image.default\">\n\t\t\t\t\t\t\t\t\t\t\t\t\t\t\t<img decoding=\"async\" width=\"983\" height=\"773\" src=\"https:\/\/3pagro.od365.shop\/wp-content\/uploads\/2026\/02\/02-e1772046412188.png\" class=\"attachment-full size-full wp-image-248\" alt=\"\" srcset=\"https:\/\/3pagro.od365.shop\/wp-content\/uploads\/2026\/02\/02-e1772046412188.png 983w, https:\/\/3pagro.od365.shop\/wp-content\/uploads\/2026\/02\/02-e1772046412188-500x393.png 500w, https:\/\/3pagro.od365.shop\/wp-content\/uploads\/2026\/02\/02-e1772046412188-64x50.png 64w, https:\/\/3pagro.od365.shop\/wp-content\/uploads\/2026\/02\/02-e1772046412188-300x236.png 300w, https:\/\/3pagro.od365.shop\/wp-content\/uploads\/2026\/02\/02-e1772046412188-768x604.png 768w, https:\/\/3pagro.od365.shop\/wp-content\/uploads\/2026\/02\/02-e1772046412188-15x12.png 15w\" sizes=\"(max-width: 983px) 100vw, 983px\" \/>\t\t\t\t\t\t\t\t\t\t\t\t\t\t\t<\/div>\n\t\t\t\t\t<\/div>\n\t\t<\/div>\n\t\t\t\t\t<\/div>\n\t\t<\/section>\n\t\t\t\t\t<\/div>\n\t\t<\/div>\n\t\t\t\t\t<\/div>\n\t\t<\/section>\n\t\t\t\t<\/div>","protected":false},"excerpt":{"rendered":"<p>3P Agro Quem Somos A 3P Agro \u00e9 uma empresa brasileira de solu\u00e7\u00f5es agr\u00edcolas que atua no desenvolvimento, posicionamento e distribui\u00e7\u00e3o de tecnologias voltadas para aumento de efici\u00eancia, produtividade e compatibilidade operacional no campo, em solu\u00e7\u00f5es de adjuvantes funcionais. Alta Compatibilidade Mais CoberturaMenos Perdas Precis\u00e3o e Efici\u00eancia Operacional 3P Agro Solu\u00e7\u00f5es agr\u00edcolas inteligentes para um [&hellip;]<\/p>\n","protected":false},"author":1,"featured_media":0,"parent":0,"menu_order":0,"comment_status":"closed","ping_status":"closed","template":"","meta":{"footnotes":""},"class_list":["post-401","page","type-page","status-publish","hentry"],"_links":{"self":[{"href":"https:\/\/3pagro.od365.shop\/pt\/wp-json\/wp\/v2\/pages\/401","targetHints":{"allow":["GET"]}}],"collection":[{"href":"https:\/\/3pagro.od365.shop\/pt\/wp-json\/wp\/v2\/pages"}],"about":[{"href":"https:\/\/3pagro.od365.shop\/pt\/wp-json\/wp\/v2\/types\/page"}],"author":[{"embeddable":true,"href":"https:\/\/3pagro.od365.shop\/pt\/wp-json\/wp\/v2\/users\/1"}],"replies":[{"embeddable":true,"href":"https:\/\/3pagro.od365.shop\/pt\/wp-json\/wp\/v2\/comments?post=401"}],"version-history":[{"count":31,"href":"https:\/\/3pagro.od365.shop\/pt\/wp-json\/wp\/v2\/pages\/401\/revisions"}],"predecessor-version":[{"id":446,"href":"https:\/\/3pagro.od365.shop\/pt\/wp-json\/wp\/v2\/pages\/401\/revisions\/446"}],"wp:attachment":[{"href":"https:\/\/3pagro.od365.shop\/pt\/wp-json\/wp\/v2\/media?parent=401"}],"curies":[{"name":"wp","href":"https:\/\/api.w.org\/{rel}","templated":true}]}}