{"id":182,"date":"2026-02-24T19:02:42","date_gmt":"2026-02-24T19:02:42","guid":{"rendered":"https:\/\/3pagro.od365.shop\/?post_type=product&#038;p=182"},"modified":"2026-03-19T21:11:51","modified_gmt":"2026-03-19T21:11:51","slug":"overtaker-ph","status":"publish","type":"product","link":"https:\/\/3pagro.od365.shop\/pt\/produto\/overtaker-ph\/","title":{"rendered":"Overtaker PH"},"content":{"rendered":"<p><strong><em>&#8220;Mais efici\u00eancia em cada gota aplicada.&#8221;<\/em><\/strong><\/p>\n<p>Adjuvante agr\u00edcola de alta compatibilidade com defensivos e fertilizantes, desenvolvido para otimizar<br \/>\npulveriza\u00e7\u00f5es e aumentar a efici\u00eancia das aplica\u00e7\u00f5es no campo.Sua formula\u00e7\u00e3o l\u00edquida \u00e9 indicada para<br \/>\naplica\u00e7\u00f5es a\u00e9reas e terrestres, com a\u00e7\u00e3o espalhante, que reduz a tens\u00e3o superficial das gotas,<br \/>\nproporcionando melhor cobertura e deposi\u00e7\u00e3o no alvo. Auxilia na redu\u00e7\u00e3o de espuma, menor risco<br \/>\nde deriva e no ajuste do pH da calda, garantindo maior estabilidade e desempenho dos produtos aplicados.<\/p>\n<p>Principais Benef\u00edcios:<\/p>\n<ul>\n<li>Melhor cobertura e fixa\u00e7\u00e3o dos ativos<\/li>\n<li>Redu\u00e7\u00e3o de espuma e perdas por deriva<\/li>\n<li>Gotas mais uniformes<\/li>\n<li>Maior efici\u00eancia da calda<\/li>\n<li>Alta compatibilidade com defensivos e fertilizantes<\/li>\n<\/ul>\n<p>&nbsp;<\/p>\n<p>Modo e Indica\u00e7\u00e3o de Uso:<br \/>\nAplica\u00e7\u00e3o via pulverizador foliar<br \/>\nEvitar temperaturas elevadas e ventos fortes<\/p>\n<p>&nbsp;<\/p>\n<p>Dose: 25 a 50 mL \/ 100 L de \u00e1gua<\/p>","protected":false},"excerpt":{"rendered":"<p>Adjuvante agr\u00edcola de alta compatibilidade com defensivos e fertilizantes, desenvolvido para otimizar<br \/>\npulveriza\u00e7\u00f5es e aumentar a efici\u00eancia das aplica\u00e7\u00f5es no campo.Sua formula\u00e7\u00e3o l\u00edquida \u00e9 indicada para<br \/>\naplica\u00e7\u00f5es a\u00e9reas e terrestres, com a\u00e7\u00e3o espalhante, que reduz a tens\u00e3o superficial das gotas,<br \/>\nproporcionando melhor cobertura e deposi\u00e7\u00e3o no alvo. Auxilia na redu\u00e7\u00e3o de espuma, menor risco<br \/>\nde deriva e no ajuste do pH da calda, garantindo maior estabilidade e desempenho dos produtos aplicados.<\/p>","protected":false},"featured_media":708,"template":"","meta":[],"product_brand":[27],"product_cat":[20],"product_tag":[],"class_list":{"0":"post-182","1":"product","2":"type-product","3":"status-publish","4":"has-post-thumbnail","6":"product_brand-3p-agro","7":"product_cat-sem-categoria","9":"first","10":"instock","11":"shipping-taxable","12":"purchasable","13":"product-type-simple"},"_links":{"self":[{"href":"https:\/\/3pagro.od365.shop\/pt\/wp-json\/wp\/v2\/product\/182","targetHints":{"allow":["GET"]}}],"collection":[{"href":"https:\/\/3pagro.od365.shop\/pt\/wp-json\/wp\/v2\/product"}],"about":[{"href":"https:\/\/3pagro.od365.shop\/pt\/wp-json\/wp\/v2\/types\/product"}],"version-history":[{"count":2,"href":"https:\/\/3pagro.od365.shop\/pt\/wp-json\/wp\/v2\/product\/182\/revisions"}],"predecessor-version":[{"id":570,"href":"https:\/\/3pagro.od365.shop\/pt\/wp-json\/wp\/v2\/product\/182\/revisions\/570"}],"wp:featuredmedia":[{"embeddable":true,"href":"https:\/\/3pagro.od365.shop\/pt\/wp-json\/wp\/v2\/media\/708"}],"wp:attachment":[{"href":"https:\/\/3pagro.od365.shop\/pt\/wp-json\/wp\/v2\/media?parent=182"}],"wp:term":[{"taxonomy":"product_brand","embeddable":true,"href":"https:\/\/3pagro.od365.shop\/pt\/wp-json\/wp\/v2\/product_brand?post=182"},{"taxonomy":"product_cat","embeddable":true,"href":"https:\/\/3pagro.od365.shop\/pt\/wp-json\/wp\/v2\/product_cat?post=182"},{"taxonomy":"product_tag","embeddable":true,"href":"https:\/\/3pagro.od365.shop\/pt\/wp-json\/wp\/v2\/product_tag?post=182"}],"curies":[{"name":"wp","href":"https:\/\/api.w.org\/{rel}","templated":true}]}}