{"id":184,"date":"2026-02-24T19:05:46","date_gmt":"2026-02-24T19:05:46","guid":{"rendered":"https:\/\/3pagro.od365.shop\/?post_type=product&#038;p=184"},"modified":"2026-03-19T21:07:50","modified_gmt":"2026-03-19T21:07:50","slug":"overtaker-full","status":"publish","type":"product","link":"https:\/\/3pagro.od365.shop\/pt\/produto\/overtaker-full\/","title":{"rendered":"Overtaker Full"},"content":{"rendered":"<p><strong><em>&#8220;Mais efici\u00eancia, menores perdas, mais resultado.&#8221;<\/em><\/strong><\/p>\n<p>Adjuvante agr\u00edcola multifuncional, com ampla compatibilidade com defensivos agr\u00edcolas e fertilizantes,<br \/>\ndesenvolvido para otimizar as pulveriza\u00e7\u00f5es e aumentar a efici\u00eancia dos ativos aplicados, contribuindo<br \/>\npara maior produtividade no campo. Possui formula\u00e7\u00e3o l\u00edquida moderna, ideal para aplica\u00e7\u00f5es a\u00e9reas<br \/>\ne terrestres, com a\u00e7\u00e3o espalhante de \u00faltima gera\u00e7\u00e3o, que reduz a tens\u00e3o superficial da gota, diminuindo<br \/>\na forma\u00e7\u00e3o de espuma e o risco de deriva.<\/p>\n<p>&nbsp;<\/p>\n<p>Principais Benef\u00edcios:<\/p>\n<ul>\n<li>Cobertura r\u00e1pida e uniforme<\/li>\n<li>Melhor fixa\u00e7\u00e3o dos ativos na superf\u00edcie vegetal<\/li>\n<li>Redu\u00e7\u00e3o da forma\u00e7\u00e3o de espuma<\/li>\n<li>Maior aproveitamento do volume do tanque<\/li>\n<li>Facilita a penetra\u00e7\u00e3o dos ativos em folhas e ramos<\/li>\n<li>Menor perda por deriva<\/li>\n<li>Gotas mais uniformes<\/li>\n<li>Compat\u00edvel com diversos defensivos e fertilizantes<\/li>\n<li>Pode ser utilizado durante todo o ciclo da cultura,<br \/>\nconforme dose recomendada<\/li>\n<\/ul>\n<p>&nbsp;<\/p>\n<p>Modo de uso:<\/p>\n<p>Aplica\u00e7\u00e3o via pulverizador foliar<br \/>\nEvitar aplica\u00e7\u00f5es sob temperaturas elevadas ou<br \/>\nventos intensos<\/p>\n<p>&nbsp;<\/p>\n<p>Indica\u00e7\u00e3o de Uso:<br \/>\nDose: 25 a 50 mL \/ 100 litros de \u00e1gua<\/p>","protected":false},"excerpt":{"rendered":"<p>Adjuvante agr\u00edcola multifuncional, com ampla compatibilidade com defensivos agr\u00edcolas e fertilizantes,<br \/>\ndesenvolvido para otimizar as pulveriza\u00e7\u00f5es e aumentar a efici\u00eancia dos ativos aplicados, contribuindo<br \/>\npara maior produtividade no campo. Possui formula\u00e7\u00e3o l\u00edquida moderna, ideal para aplica\u00e7\u00f5es a\u00e9reas<br \/>\ne terrestres, com a\u00e7\u00e3o espalhante de \u00faltima gera\u00e7\u00e3o, que reduz a tens\u00e3o superficial da gota, diminuindo<br \/>\na forma\u00e7\u00e3o de espuma e o risco de deriva.<\/p>","protected":false},"featured_media":705,"template":"","meta":[],"product_brand":[27],"product_cat":[20],"product_tag":[],"class_list":{"0":"post-184","1":"product","2":"type-product","3":"status-publish","4":"has-post-thumbnail","6":"product_brand-3p-agro","7":"product_cat-sem-categoria","9":"first","10":"instock","11":"shipping-taxable","12":"purchasable","13":"product-type-simple"},"_links":{"self":[{"href":"https:\/\/3pagro.od365.shop\/pt\/wp-json\/wp\/v2\/product\/184","targetHints":{"allow":["GET"]}}],"collection":[{"href":"https:\/\/3pagro.od365.shop\/pt\/wp-json\/wp\/v2\/product"}],"about":[{"href":"https:\/\/3pagro.od365.shop\/pt\/wp-json\/wp\/v2\/types\/product"}],"version-history":[{"count":2,"href":"https:\/\/3pagro.od365.shop\/pt\/wp-json\/wp\/v2\/product\/184\/revisions"}],"predecessor-version":[{"id":569,"href":"https:\/\/3pagro.od365.shop\/pt\/wp-json\/wp\/v2\/product\/184\/revisions\/569"}],"wp:featuredmedia":[{"embeddable":true,"href":"https:\/\/3pagro.od365.shop\/pt\/wp-json\/wp\/v2\/media\/705"}],"wp:attachment":[{"href":"https:\/\/3pagro.od365.shop\/pt\/wp-json\/wp\/v2\/media?parent=184"}],"wp:term":[{"taxonomy":"product_brand","embeddable":true,"href":"https:\/\/3pagro.od365.shop\/pt\/wp-json\/wp\/v2\/product_brand?post=184"},{"taxonomy":"product_cat","embeddable":true,"href":"https:\/\/3pagro.od365.shop\/pt\/wp-json\/wp\/v2\/product_cat?post=184"},{"taxonomy":"product_tag","embeddable":true,"href":"https:\/\/3pagro.od365.shop\/pt\/wp-json\/wp\/v2\/product_tag?post=184"}],"curies":[{"name":"wp","href":"https:\/\/api.w.org\/{rel}","templated":true}]}}