{"id":185,"date":"2026-02-24T19:06:38","date_gmt":"2026-02-24T19:06:38","guid":{"rendered":"https:\/\/3pagro.od365.shop\/?post_type=product&#038;p=185"},"modified":"2026-03-19T21:08:23","modified_gmt":"2026-03-19T21:08:23","slug":"overtaker-orange","status":"publish","type":"product","link":"https:\/\/3pagro.od365.shop\/pt\/produto\/overtaker-orange\/","title":{"rendered":"Overtaker Orange"},"content":{"rendered":"<p><em><strong>\u201cMais absor\u00e7\u00e3o, mais efici\u00eancia, mais resultado.\u201d<\/strong><\/em><\/p>\n<p>Adjuvante multifuncional desenvolvido para elevar a performance das aplica\u00e7\u00f5es agr\u00edcolas,<br \/>\nmelhorando a deposi\u00e7\u00e3o e a cobertura dos defensivos qu\u00edmicos sobre as folhas. Sua formula\u00e7\u00e3o \u00e9<br \/>\ncomposta por mat\u00e9rias-primas nobres, com D-Limoneno, que auxilia na repel\u00eancia de insetos e na<br \/>\nmelhora da absor\u00e7\u00e3o dos ativos, potencializando o desempenho das aplica\u00e7\u00f5es agr\u00edcolas.<\/p>\n<p>&nbsp;<\/p>\n<p>Principais Benef\u00edcios:<\/p>\n<ul>\n<li>Maior espalhamento da calda sobre a superf\u00edcie foliar<\/li>\n<li>Melhora a absor\u00e7\u00e3o e a transloca\u00e7\u00e3o dos ativos na planta<\/li>\n<li>Auxilia na prote\u00e7\u00e3o dos defensivos aplicados<\/li>\n<li>Aumenta a efici\u00eancia e o aproveitamento dos produtos<\/li>\n<\/ul>\n<p>&nbsp;<\/p>\n<p>Modo e Indica\u00e7\u00e3o de Uso:<br \/>\nAplica\u00e7\u00e3o via pulverizador foliar<br \/>\nEvitar aplica\u00e7\u00f5es sob temperaturas elevadas<br \/>\nou ventos intensos<\/p>\n<p>&nbsp;<\/p>\n<p>Indica\u00e7\u00e3o de Uso:<br \/>\nDose: 100 a 150 mL \/ 100 litros de \u00e1gua<\/p>","protected":false},"excerpt":{"rendered":"<p>Adjuvante multifuncional desenvolvido para elevar a performance das aplica\u00e7\u00f5es agr\u00edcolas,<br \/>\nmelhorando a deposi\u00e7\u00e3o e a cobertura dos defensivos qu\u00edmicos sobre as folhas. Sua formula\u00e7\u00e3o \u00e9<br \/>\ncomposta por mat\u00e9rias-primas nobres, com D-Limoneno, que auxilia na repel\u00eancia de insetos e na<br \/>\nmelhora da absor\u00e7\u00e3o dos ativos, potencializando o desempenho das aplica\u00e7\u00f5es agr\u00edcolas.<\/p>","protected":false},"featured_media":706,"template":"","meta":[],"product_brand":[27],"product_cat":[20],"product_tag":[],"class_list":{"0":"post-185","1":"product","2":"type-product","3":"status-publish","4":"has-post-thumbnail","6":"product_brand-3p-agro","7":"product_cat-sem-categoria","9":"first","10":"instock","11":"shipping-taxable","12":"purchasable","13":"product-type-simple"},"_links":{"self":[{"href":"https:\/\/3pagro.od365.shop\/pt\/wp-json\/wp\/v2\/product\/185","targetHints":{"allow":["GET"]}}],"collection":[{"href":"https:\/\/3pagro.od365.shop\/pt\/wp-json\/wp\/v2\/product"}],"about":[{"href":"https:\/\/3pagro.od365.shop\/pt\/wp-json\/wp\/v2\/types\/product"}],"version-history":[{"count":2,"href":"https:\/\/3pagro.od365.shop\/pt\/wp-json\/wp\/v2\/product\/185\/revisions"}],"predecessor-version":[{"id":568,"href":"https:\/\/3pagro.od365.shop\/pt\/wp-json\/wp\/v2\/product\/185\/revisions\/568"}],"wp:featuredmedia":[{"embeddable":true,"href":"https:\/\/3pagro.od365.shop\/pt\/wp-json\/wp\/v2\/media\/706"}],"wp:attachment":[{"href":"https:\/\/3pagro.od365.shop\/pt\/wp-json\/wp\/v2\/media?parent=185"}],"wp:term":[{"taxonomy":"product_brand","embeddable":true,"href":"https:\/\/3pagro.od365.shop\/pt\/wp-json\/wp\/v2\/product_brand?post=185"},{"taxonomy":"product_cat","embeddable":true,"href":"https:\/\/3pagro.od365.shop\/pt\/wp-json\/wp\/v2\/product_cat?post=185"},{"taxonomy":"product_tag","embeddable":true,"href":"https:\/\/3pagro.od365.shop\/pt\/wp-json\/wp\/v2\/product_tag?post=185"}],"curies":[{"name":"wp","href":"https:\/\/api.w.org\/{rel}","templated":true}]}}