{"id":186,"date":"2026-02-24T19:07:33","date_gmt":"2026-02-24T19:07:33","guid":{"rendered":"https:\/\/3pagro.od365.shop\/?post_type=product&#038;p=186"},"modified":"2026-03-19T21:17:12","modified_gmt":"2026-03-19T21:17:12","slug":"overtaker-clean","status":"publish","type":"product","link":"https:\/\/3pagro.od365.shop\/pt\/produto\/overtaker-clean\/","title":{"rendered":"Overtaker Clean"},"content":{"rendered":"<h3><em><strong>\u201cMais seguran\u00e7a e qualidade em cada aplica\u00e7\u00e3o.\u201d<\/strong><\/em><\/h3>\n<p>O Adjuvante Overtaker Clean \u00e9 um produto formulado com aditivos de alta performance, indicado<br \/>\npara a aux\u00edlio na melhoria das pr\u00f3ximas aplica\u00e7\u00f5es, auxiliando na redu\u00e7\u00e3o de res\u00edduos e contribuindo<br \/>\npara a redu\u00e7\u00e3o de contamina\u00e7\u00f5es cruzadas com isto melhora a efici\u00eancia das aplica\u00e7\u00f5es subsequente.<\/p>\n<p>&nbsp;<\/p>\n<p>Principais Benef\u00edcios:<\/p>\n<ul>\n<li>Preven\u00e7\u00e3o de contamina\u00e7\u00e3o cruzada<\/li>\n<li>Maior seguran\u00e7a na aplica\u00e7\u00e3o<\/li>\n<li>Melhora a qualidade da calda<\/li>\n<li>Prote\u00e7\u00e3o do sistema de pulveriza\u00e7\u00e3o<\/li>\n<li>Economia de tempo e custo<\/li>\n<li>Uso mais racional das caldas subsequentes<\/li>\n<li>Compat\u00edvel com diferentes sistemas<\/li>\n<\/ul>\n<p>&nbsp;<\/p>\n<p>Modo e Indica\u00e7\u00e3o de Uso:<\/p>\n<ol>\n<li>Retirar todos os filtro e bicos, deixar de molho em um balde Overtaker Clean seguindo a sugest\u00e3o abaixo para limpeza de Pontas e Peneiras.<\/li>\n<li>Completar com \u00e1gua 2\/3 do volume do tanque com 950 ml de Overtaker Clean deixando o sistema de agita\u00e7\u00e3o ligado, at\u00e9 que tenha uma limpeza adequada.<\/li>\n<li>Em seguida escoar o conte\u00fado do tanque pelas barras em todas as se\u00e7\u00f5es abrindo os buj\u00f5es de drenagem de cada ramal por vez.<\/li>\n<li>Realizar o enxague com \u00e1gua limpa.<\/li>\n<li>Caso n\u00e3o ocorra totalmente a limpeza repetir os passos 2, 3 e 4.<\/li>\n<\/ol>\n<p>&nbsp;<\/p>\n<p>Pontas e Peneiras:<\/p>\n<ol>\n<li>Colocar pontas e peneiras em um recipiente com tampa.<\/li>\n<li>Adicional 50 ml em 5 LT de \u00e1gua e deixar de molho.<\/li>\n<li>Fechar e agitar por alguns minutos.<\/li>\n<li>Descartar a solu\u00e7\u00e3o e enxaguar pontas e peneiras, caso n\u00e3o tenha obtido boa limpeza repetir os procedimentos 1, 2 e 3.<\/li>\n<\/ol>","protected":false},"excerpt":{"rendered":"<p>O Adjuvante Overtaker Clean \u00e9 um produto formulado com aditivos de alta performance, indicado<br \/>\npara a aux\u00edlio na melhoria das pr\u00f3ximas aplica\u00e7\u00f5es, auxiliando na redu\u00e7\u00e3o de res\u00edduos e contribuindo<br \/>\npara a redu\u00e7\u00e3o de contamina\u00e7\u00f5es cruzadas com isto melhora a efici\u00eancia das aplica\u00e7\u00f5es subsequente.<\/p>","protected":false},"featured_media":712,"template":"","meta":[],"product_brand":[27],"product_cat":[23],"product_tag":[],"class_list":{"0":"post-186","1":"product","2":"type-product","3":"status-publish","4":"has-post-thumbnail","6":"product_brand-3p-agro","7":"product_cat-b","9":"first","10":"instock","11":"shipping-taxable","12":"purchasable","13":"product-type-variable"},"_links":{"self":[{"href":"https:\/\/3pagro.od365.shop\/pt\/wp-json\/wp\/v2\/product\/186","targetHints":{"allow":["GET"]}}],"collection":[{"href":"https:\/\/3pagro.od365.shop\/pt\/wp-json\/wp\/v2\/product"}],"about":[{"href":"https:\/\/3pagro.od365.shop\/pt\/wp-json\/wp\/v2\/types\/product"}],"version-history":[{"count":4,"href":"https:\/\/3pagro.od365.shop\/pt\/wp-json\/wp\/v2\/product\/186\/revisions"}],"predecessor-version":[{"id":573,"href":"https:\/\/3pagro.od365.shop\/pt\/wp-json\/wp\/v2\/product\/186\/revisions\/573"}],"wp:featuredmedia":[{"embeddable":true,"href":"https:\/\/3pagro.od365.shop\/pt\/wp-json\/wp\/v2\/media\/712"}],"wp:attachment":[{"href":"https:\/\/3pagro.od365.shop\/pt\/wp-json\/wp\/v2\/media?parent=186"}],"wp:term":[{"taxonomy":"product_brand","embeddable":true,"href":"https:\/\/3pagro.od365.shop\/pt\/wp-json\/wp\/v2\/product_brand?post=186"},{"taxonomy":"product_cat","embeddable":true,"href":"https:\/\/3pagro.od365.shop\/pt\/wp-json\/wp\/v2\/product_cat?post=186"},{"taxonomy":"product_tag","embeddable":true,"href":"https:\/\/3pagro.od365.shop\/pt\/wp-json\/wp\/v2\/product_tag?post=186"}],"curies":[{"name":"wp","href":"https:\/\/api.w.org\/{rel}","templated":true}]}}