{"id":190,"date":"2026-02-24T19:09:18","date_gmt":"2026-02-24T19:09:18","guid":{"rendered":"https:\/\/3pagro.od365.shop\/?post_type=product&#038;p=190"},"modified":"2026-03-19T21:08:53","modified_gmt":"2026-03-19T21:08:53","slug":"overtaker-oil-blue","status":"publish","type":"product","link":"https:\/\/3pagro.od365.shop\/pt\/produto\/overtaker-oil-blue\/","title":{"rendered":"Overtaker Oil Blue"},"content":{"rendered":"<h2><strong><em>\u201cTransformando aplica\u00e7\u00e3o em resultado.\u201d<\/em><\/strong><\/h2>\n<p>Adjuvante agr\u00edcola multifuncional, com ampla compatibilidade com defensivos agr\u00edcolas e fertilizantes,<br \/>\ndesenvolvido para otimizar as pulveriza\u00e7\u00f5es e aumentar a efici\u00eancia dos ativos aplicados, contribuindo<br \/>\npara maior produtividade no campo. Possui formula\u00e7\u00e3o l\u00edquida moderna, ideal para aplica\u00e7\u00f5es a\u00e9reas<br \/>\ne terrestres, com a\u00e7\u00e3o espalhante de \u00faltima gera\u00e7\u00e3o, que reduz a tens\u00e3o superficial da gota, diminuindo<br \/>\na forma\u00e7\u00e3o de espuma e o risco de deriva.<\/p>\n<p>&nbsp;<\/p>\n<p>Principais Benef\u00edcios:<\/p>\n<ol>\n<li>Melhora a cobertura foliar<\/li>\n<li>Aumenta a ader\u00eancia<\/li>\n<li>Protege as gotas de pulveriza\u00e7\u00e3o<\/li>\n<li>Reduz perdas por deriva<\/li>\n<li>Melhor fixa\u00e7\u00e3o dos ativos na superf\u00edcie vegetal<\/li>\n<li>Maior aproveitamento do volume do tanque<\/li>\n<li>Gotas mais uniformes<\/li>\n<li>Compat\u00edvel com diversos defensivos e fertilizantes<\/li>\n<\/ol>\n<p>&nbsp;<\/p>\n<p>Modo de Uso:<br \/>\nAplica\u00e7\u00e3o via pulverizador foliar<br \/>\nEvitar aplica\u00e7\u00f5es sob temperaturas elevadas ou ventos intensos<\/p>\n<p>&nbsp;<\/p>\n<p>Indica\u00e7\u00e3o de Uso:<br \/>\nDose: 50 mL\/100 Litros de \u00e1gua<\/p>","protected":false},"excerpt":{"rendered":"<p>Adjuvante agr\u00edcola multifuncional, com ampla compatibilidade com defensivos agr\u00edcolas e fertilizantes,<br \/>\ndesenvolvido para otimizar as pulveriza\u00e7\u00f5es e aumentar a efici\u00eancia dos ativos aplicados, contribuindo<br \/>\npara maior produtividade no campo. Possui formula\u00e7\u00e3o l\u00edquida moderna, ideal para aplica\u00e7\u00f5es a\u00e9reas<br \/>\ne terrestres, com a\u00e7\u00e3o espalhante de \u00faltima gera\u00e7\u00e3o, que reduz a tens\u00e3o superficial da gota, diminuindo<br \/>\na forma\u00e7\u00e3o de espuma e o risco de deriva.<\/p>","protected":false},"featured_media":707,"template":"","meta":[],"product_brand":[27],"product_cat":[22],"product_tag":[],"class_list":{"0":"post-190","1":"product","2":"type-product","3":"status-publish","4":"has-post-thumbnail","6":"product_brand-3p-agro","7":"product_cat-a","9":"first","10":"instock","11":"shipping-taxable","12":"purchasable","13":"product-type-simple"},"_links":{"self":[{"href":"https:\/\/3pagro.od365.shop\/pt\/wp-json\/wp\/v2\/product\/190","targetHints":{"allow":["GET"]}}],"collection":[{"href":"https:\/\/3pagro.od365.shop\/pt\/wp-json\/wp\/v2\/product"}],"about":[{"href":"https:\/\/3pagro.od365.shop\/pt\/wp-json\/wp\/v2\/types\/product"}],"version-history":[{"count":3,"href":"https:\/\/3pagro.od365.shop\/pt\/wp-json\/wp\/v2\/product\/190\/revisions"}],"predecessor-version":[{"id":571,"href":"https:\/\/3pagro.od365.shop\/pt\/wp-json\/wp\/v2\/product\/190\/revisions\/571"}],"wp:featuredmedia":[{"embeddable":true,"href":"https:\/\/3pagro.od365.shop\/pt\/wp-json\/wp\/v2\/media\/707"}],"wp:attachment":[{"href":"https:\/\/3pagro.od365.shop\/pt\/wp-json\/wp\/v2\/media?parent=190"}],"wp:term":[{"taxonomy":"product_brand","embeddable":true,"href":"https:\/\/3pagro.od365.shop\/pt\/wp-json\/wp\/v2\/product_brand?post=190"},{"taxonomy":"product_cat","embeddable":true,"href":"https:\/\/3pagro.od365.shop\/pt\/wp-json\/wp\/v2\/product_cat?post=190"},{"taxonomy":"product_tag","embeddable":true,"href":"https:\/\/3pagro.od365.shop\/pt\/wp-json\/wp\/v2\/product_tag?post=190"}],"curies":[{"name":"wp","href":"https:\/\/api.w.org\/{rel}","templated":true}]}}